{"id":679,"date":"2022-01-31T21:24:50","date_gmt":"2022-01-31T19:24:50","guid":{"rendered":"http:\/\/esperanzarte.com\/?page_id=679"},"modified":"2023-10-04T19:38:48","modified_gmt":"2023-10-04T18:38:48","slug":"bases-del-certamen-de-video","status":"publish","type":"page","link":"https:\/\/esperanzarte.com\/?page_id=679","title":{"rendered":"Bases del Certamen de V\u00eddeo"},"content":{"rendered":"\n<h4 class=\"wp-block-heading has-text-align-center\"><strong>II Certamen EsperanzARTE de V\u00eddeo <\/strong>2024<\/h4>\n\n\n\n<p>La <strong>Asociaci\u00f3n EsperanzARTE de artistas y creativos cristianos<\/strong>, con el objetivo de promover que los j\u00f3venes den a conocer a Jes\u00fas y su mensaje a otros j\u00f3venes a trav\u00e9s de las nuevas herramientas digitales, convoca el <strong>II Certamen de V\u00eddeo Cristiano Juvenil 2024<\/strong>.<\/p>\n\n\n\n<h2 class=\"wp-block-heading has-text-align-center has-text-color has-medium-font-size\" style=\"color:#d24343\"><strong>BASES<\/strong><\/h2>\n\n\n\n<p>1\u00aa. <strong>TEM\u00c1TICA<\/strong>. No necesita ser expl\u00edcitamente <em>religiosa<\/em>, pero s\u00ed evang\u00e9lica: la vida y el mensaje de Jes\u00fas, el n\u00facleo de su mensaje (fe, esperanza, amor, perd\u00f3n, servicio, solidaridad, fraternidad\u2026), su relevancia ante los retos actuales de la Humanidad\u2026<\/p>\n\n\n\n<p>2\u00aa. <strong>PARTICIPANTES<\/strong>. Podr\u00e1n participar todos los j\u00f3venes con residencia en Espa\u00f1a comprendidos entre las edades de cada categor\u00eda. Una misma persona o grupo puede participar en m\u00e1s de una categor\u00eda. Los educadores har\u00e1n una <strong>preselecci\u00f3n<\/strong>: <strong>de un mismo colegio, parroquia o grupo no puede haber m\u00e1s de una participaci\u00f3n por categor\u00eda<\/strong>.<\/p>\n\n\n\n<p>3\u00aa. <strong>CARACTER\u00cdSTICAS T\u00c9CNICAS<\/strong>. Las piezas deben atenerse a la <strong>duraci\u00f3n<\/strong> exigida (sin incluir los t\u00edtulos de cr\u00e9dito). &nbsp;Pueden realizarse <strong>con cualquier dispositivo<\/strong>, siempre y cuando tengan <strong>la mejor resoluci\u00f3n posible<\/strong> y un <strong>audio de calidad<\/strong>. Se grabar\u00e1n en <strong>formato horizontal<\/strong> excepto en la categor\u00eda <strong>D<\/strong>. Est\u00e1 permitida <strong>cualquier t\u00e9cnica o tipo de postproducci\u00f3n<\/strong>, pero est\u00e1 prohibido el uso de im\u00e1genes, m\u00fasicas o sonidos que no est\u00e9n <strong>libres de derechos de autor<\/strong>. Los v\u00eddeos estar\u00e1n en <strong>espa\u00f1ol o<\/strong>, en caso de utilizarse otras lenguas, incluir\u00e1n <strong>subt\u00edtulos con la traducci\u00f3n.<\/strong><\/p>\n\n\n\n<p>4\u00aa. <strong>DERECHOS DE IMAGEN<\/strong>.&nbsp; Los autores deber\u00e1n tener los permisos correspondientes de las personas que act\u00faan o aparecen en los v\u00eddeos, especialmente si se trata de menores.<\/p>\n\n\n\n<p>5\u00aa. <strong>ORIGINALIDAD Y NOVEDAD<\/strong>. Las obras ser\u00e1n <strong>originales<\/strong> y habr\u00e1n sido realizadas despu\u00e9s del <strong>1 de abril de 2023.<\/strong> Los m\u00e1s j\u00f3venes podr\u00e1n contar con el asesoramiento y ayuda de profesores o familiares, pero las obras deben ser genuinamente juveniles.<\/p>\n\n\n\n<p>6\u00aa. <strong>CATEGOR\u00cdAS. <\/strong>Se establecen las siguientes categor\u00edas:<\/p>\n\n\n\n<p class=\"has-green-color has-text-color has-medium-font-size\"><strong>Para ni\u00f1os y ni\u00f1as entre 10 y 12 a\u00f1os (III Ciclo de Primaria). <\/strong><br>Dotado con <strong>150 \u20ac<\/strong> y trofeo.<\/p>\n\n\n\n<p><strong>A<\/strong><strong>.<\/strong> <strong>Pel\u00edcula que presenta un tema curricular de la asignatura de Religi\u00f3n Cat\u00f3lica o de la catequesis<\/strong>. M\u00e1ximo 5\u2019. Se requiere que haya un buen trabajo did\u00e1ctico previo Puede haber un mayor acompa\u00f1amiento t\u00e9cnico por parte del profesor\/a o agente de pastoral.<\/p>\n\n\n\n<p class=\"has-green-color has-text-color has-medium-font-size\"><strong>Para adolescentes comprendidos entre los 13 y los 18 a\u00f1os<\/strong>. Dotados con <strong>250 \u20ac<\/strong> y trofeo.<\/p>\n\n\n\n<p><strong>B. Pel\u00edcula que presenta un tema curricular de la asignatura de Religi\u00f3n Cat\u00f3lica o de catequesis<\/strong>. M\u00e1ximo 5\u2019. Se requiere que haya un buen trabajo did\u00e1ctico previo.<\/p>\n\n\n\n<p><strong>C. Solidaridad. <\/strong>Para dar a conocer una ONG u obra social cat\u00f3lica, dentro de un acompa\u00f1amiento pedag\u00f3gico de Aprendizaje-Servicio (ApS). M\u00e1ximo 3\u2019.<\/p>\n\n\n\n<p><strong>D. Vertical.<\/strong> M\u00e1ximo 1\u2019 30\u201d. Pensado para m\u00f3viles y redes sociales, con un mensaje breve pero potente.<\/p>\n\n\n\n<p class=\"has-green-color has-text-color has-medium-font-size\"><strong><em>Para j\u00f3venes profesionales o expertos en la creaci\u00f3n audiovisual entre los 18 &nbsp;y los 29 a\u00f1os.<\/em><\/strong> <br>Dotados con <strong>350 \u20ac<\/strong> y trofeo.<\/p>\n\n\n\n<p><strong>E. Videoclip <\/strong>de una canci\u00f3n de un compositor\/a cat\u00f3lico espa\u00f1ol que no cuente ya con un v\u00eddeo. El concursante se pondr\u00e1 en contacto con el compositor\/a para pedir su permiso. No se busca tanto una coreograf\u00eda o ilustraci\u00f3n como una recreaci\u00f3n o interpretaci\u00f3n. Durar\u00e1 como la canci\u00f3n.<\/p>\n\n\n\n<p><strong>F. Cortometraje de j\u00f3venes creadores<\/strong>. M\u00e1ximo 5\u2019. En esta categor\u00eda se atender\u00e1 a la calidad t\u00e9cnica y narrativa adem\u00e1s del contenido, que seguir\u00e1 la tem\u00e1tica del certamen.<\/p>\n\n\n\n<p>7\u00aa. <strong>INSCRIPCI\u00d3N<\/strong>. La inscripci\u00f3n al Certamen se realizar\u00e1 en la p\u00e1gina web <a href=\"http:\/\/www.esperanzarte.com\/\">www.esperanzarte.com<\/a>, donde el concursante o, en caso de menores, un adulto responsable, rellenar\u00e1 todos los datos. Se ruega a todos los que tengan intenci\u00f3n de participar que lo hagan saber lo antes posible enviando un mensaje al correo <a href=\"mailto:asociacion@esperanzarte.com\">asociacion@esperanzarte.com<\/a><\/p>\n\n\n\n<p>8\u00aa. <strong>PLAZO<\/strong>. El plazo de inscripci\u00f3n y admisi\u00f3n de las obras finalizar\u00e1 el <strong>31 de marzo de 2024<\/strong>&nbsp;inclusive.<\/p>\n\n\n\n<p>9\u00aa. <strong>YOUTUBE<\/strong>. En el formulario de inscripci\u00f3n se incluir\u00e1 el enlace al v\u00eddeo concursante, que estar\u00e1 ya alojado en el canal de Youtube del autor en alta resoluci\u00f3n, pudiendo estar abierto al p\u00fablico o de forma privada.<\/p>\n\n\n\n<p>10\u00aa. <strong>PREMIOS<\/strong>. Se establece un trofeo (el <strong>\u201c\u00c1ngel\u201d<\/strong>, obra original y certificada de Jes\u00fas Gazol) y un premio en met\u00e1lico para la obra ganadora de cada categor\u00eda. Cada premio ser\u00e1 indivisible, pudiendo ser declarado desierto. Las obras finalistas recibir\u00e1n un diploma.<\/p>\n\n\n\n<p>11\u00aa. <strong>ENTREGA DE PREMIOS<\/strong>. Ser\u00e1 importante, aunque no imprescindible, la asistencia del autor o de un representante a la entrega de premios. La organizaci\u00f3n se compromete a hacerse cargo de los gastos de desplazamiento y alojamiento de los ganadores y un acompa\u00f1ante en caso de menores.<\/p>\n\n\n\n<p>12\u00aa. &nbsp;<strong>JURADO<\/strong>. El jurado estar\u00e1 formado por personas con una larga experiencia en la creaci\u00f3n&nbsp;audiovisual o el arte cristiano y ser\u00e1 presidido por el presidente de la Asociaci\u00f3n EsperanzARTE o quien \u00e9l designe. La decisi\u00f3n del jurado ser\u00e1 inapelable.<\/p>\n\n\n\n<p>13\u00aa. &nbsp;<strong>FINALISTAS<\/strong>. Los v\u00eddeos finalistas de cada categor\u00eda ser\u00e1n subidos al canal de V\u00eddeo de EsperanzARTE y presentados al p\u00fablico en su p\u00e1gina web.<\/p>\n\n\n\n<p>14\u00aa. &nbsp;<strong>FALLO<\/strong>. El fallo del Jurado se producir\u00e1 en mayo&nbsp;de 2024. Ser\u00e1 dado a conocer en una ceremonia de entrega de premios en Zaragoza cuyo lugar y fecha ser\u00e1n anunciados con suficiente antelaci\u00f3n en la web de EsperanzARTE.<\/p>\n\n\n\n<p>15\u00aa. &nbsp;<strong>DERECHOS INTELECTUALES<\/strong>. Los derechos intelectuales de las obras ganadoras <strong>ser\u00e1n siempre del autor\/a<\/strong>. Se estudiar\u00e1n otras propuestas de difusi\u00f3n de los premiados con revistas, editoriales y medios de comunicaci\u00f3n, contando con la aprobaci\u00f3n de sus autores y fomentando, en su caso, que estas entidades subscriban con los ganadores los correspondientes contratos legales.<\/p>\n\n\n\n<p>16\u00aa. <strong>PROTECCI\u00d3N DE DATOS<\/strong>. Los datos de los participantes quedar\u00e1n recogidos en el fichero de la Asociaci\u00f3n EsperanzARTE para enviarles informaci\u00f3n sobre el Certamen. No ser\u00e1n compartidos. En cualquier momento pueden ejercitar su derecho a darse de baja escribiendo a la direcci\u00f3n electr\u00f3nica de la Asociaci\u00f3n: asociacion@esperanzarte.com<\/p>\n\n\n\n<p>17\u00aa. <strong>ACEPTACI\u00d3N<\/strong>. La participaci\u00f3n en este Certamen supone la plena aceptaci\u00f3n de sus bases.<\/p>\n\n\n\n<h4 class=\"wp-block-heading\">He aqu\u00ed toda la <strong>informaci\u00f3n y materiales<\/strong><\/h4>\n\n\n\n<ul class=\"wp-block-list\">\n<li>Bases en&nbsp;<strong>PDF<\/strong>&nbsp;con todos los detalles:<br><strong><a href=\"http:\/\/esperanzarte.com\/wp-content\/uploads\/2023\/10\/BASES-del-II-Certamen-EsperanzARTE-de-Video-2024-1.pdf\" data-type=\"URL\" data-id=\"http:\/\/esperanzarte.com\/wp-content\/uploads\/2023\/10\/BASES-del-II-Certamen-EsperanzARTE-de-Video-2024-1.pdf\">BASES del II Certamen EsperanzARTE de V\u00eddeo Cristiano Juvenil 2024<\/a><\/strong><\/li>\n<\/ul>\n\n\n\n<div class=\"wp-block-file\"><a href=\"http:\/\/esperanzarte.com\/wp-content\/uploads\/2023\/10\/BASES-del-II-Certamen-EsperanzARTE-de-Video-2024-1.pdf\" class=\"wp-block-file__button wp-element-button\" download>Descarga<\/a><\/div>\n\n\n\n<p><\/p>\n\n\n\n<h4 class=\"wp-block-heading\">INSCRIPCI\u00d3N:<\/h4>\n\n\n\n<ul class=\"wp-block-list\">\n<li><strong><a href=\"https:\/\/forms.gle\/cqUTxbnpWDt5Vkon9\" data-type=\"URL\" data-id=\"https:\/\/forms.gle\/cqUTxbnpWDt5Vkon9\">FORMULARIO DE INSCRIPCI\u00d3N<\/a> al II Certamen EsperanzARTE de V\u00eddeo Cristiano Juvenil 2024<\/strong><\/li>\n<\/ul>\n","protected":false},"excerpt":{"rendered":"<p>II Certamen EsperanzARTE de V\u00eddeo 2024 La Asociaci\u00f3n EsperanzARTE de artistas y creativos cristianos, con el objetivo de promover que los j\u00f3venes den a conocer a Jes\u00fas y su mensaje a otros j\u00f3venes a trav\u00e9s de las nuevas herramientas digitales, convoca el II Certamen de V\u00eddeo Cristiano Juvenil 2024. BASES 1\u00aa. TEM\u00c1TICA. No necesita ser &hellip; <a href=\"https:\/\/esperanzarte.com\/?page_id=679\" class=\"more-link\">Seguir leyendo <span class=\"screen-reader-text\">Bases del Certamen de V\u00eddeo<\/span> <span class=\"meta-nav\">&rarr;<\/span><\/a><\/p>\n","protected":false},"author":2,"featured_media":1510,"parent":1231,"menu_order":1,"comment_status":"closed","ping_status":"closed","template":"","meta":{"footnotes":""},"class_list":["post-679","page","type-page","status-publish","has-post-thumbnail","hentry"],"_links":{"self":[{"href":"https:\/\/esperanzarte.com\/index.php?rest_route=\/wp\/v2\/pages\/679","targetHints":{"allow":["GET"]}}],"collection":[{"href":"https:\/\/esperanzarte.com\/index.php?rest_route=\/wp\/v2\/pages"}],"about":[{"href":"https:\/\/esperanzarte.com\/index.php?rest_route=\/wp\/v2\/types\/page"}],"author":[{"embeddable":true,"href":"https:\/\/esperanzarte.com\/index.php?rest_route=\/wp\/v2\/users\/2"}],"replies":[{"embeddable":true,"href":"https:\/\/esperanzarte.com\/index.php?rest_route=%2Fwp%2Fv2%2Fcomments&post=679"}],"version-history":[{"count":12,"href":"https:\/\/esperanzarte.com\/index.php?rest_route=\/wp\/v2\/pages\/679\/revisions"}],"predecessor-version":[{"id":1539,"href":"https:\/\/esperanzarte.com\/index.php?rest_route=\/wp\/v2\/pages\/679\/revisions\/1539"}],"up":[{"embeddable":true,"href":"https:\/\/esperanzarte.com\/index.php?rest_route=\/wp\/v2\/pages\/1231"}],"wp:featuredmedia":[{"embeddable":true,"href":"https:\/\/esperanzarte.com\/index.php?rest_route=\/wp\/v2\/media\/1510"}],"wp:attachment":[{"href":"https:\/\/esperanzarte.com\/index.php?rest_route=%2Fwp%2Fv2%2Fmedia&parent=679"}],"curies":[{"name":"wp","href":"https:\/\/api.w.org\/{rel}","templated":true}]}}